{"id":350,"date":"2024-03-19T17:31:39","date_gmt":"2024-03-19T17:31:39","guid":{"rendered":"http:\/\/www.unik-art.es\/?page_id=350"},"modified":"2025-04-19T17:32:46","modified_gmt":"2025-04-19T17:32:46","slug":"inicio","status":"publish","type":"page","link":"https:\/\/unik-art.es\/","title":{"rendered":"INICIO"},"content":{"rendered":"\n<blockquote class=\"wp-block-quote is-layout-flow wp-block-quote-is-layout-flow\">\n<p>\u00abSolo imag\u00ednalo y lo crear\u00e9 para ti\u00bb<\/p>\n<cite>Unik Art<\/cite><\/blockquote>\n\n\n\n<div style=\"height:100px\" aria-hidden=\"true\" class=\"wp-block-spacer\"><\/div>\n\n\n\n<div class=\"wp-block-media-text is-stacked-on-mobile\"><figure class=\"wp-block-media-text__media\"><img loading=\"lazy\" decoding=\"async\" width=\"1024\" height=\"768\" src=\"https:\/\/unik-art.es\/wp-content\/uploads\/2025\/04\/IMG_20240519_094948-red-2-1024x768.jpg\" alt=\"\" class=\"wp-image-869 size-full\" srcset=\"https:\/\/unik-art.es\/wp-content\/uploads\/2025\/04\/IMG_20240519_094948-red-2-1024x768.jpg 1024w, https:\/\/unik-art.es\/wp-content\/uploads\/2025\/04\/IMG_20240519_094948-red-2-300x225.jpg 300w, https:\/\/unik-art.es\/wp-content\/uploads\/2025\/04\/IMG_20240519_094948-red-2-768x576.jpg 768w, https:\/\/unik-art.es\/wp-content\/uploads\/2025\/04\/IMG_20240519_094948-red-2-1536x1152.jpg 1536w, https:\/\/unik-art.es\/wp-content\/uploads\/2025\/04\/IMG_20240519_094948-red-2-2048x1536.jpg 2048w\" sizes=\"auto, (max-width: 1024px) 100vw, 1024px\" \/><\/figure><div class=\"wp-block-media-text__content\">\n<p><\/p>\n\n\n\n<p>Unik Art es un joven proyecto creado para regalar momentos \u00fanicos!! Quiero crear dulces personalizados, que no solo sean una explosi\u00f3n de sabor, tambi\u00e9n te transporten a un recuerdo, un d\u00eda inolvidable y sean bellos como una obra de arte.<\/p>\n<\/div><\/div>\n\n\n\n<div style=\"height:100px\" aria-hidden=\"true\" class=\"wp-block-spacer\"><\/div>\n\n\n\n<div class=\"wp-block-cover is-light\"><img loading=\"lazy\" decoding=\"async\" width=\"740\" height=\"493\" class=\"wp-block-cover__image-background wp-image-874 size-full\" alt=\"\" src=\"https:\/\/unik-art.es\/wp-content\/uploads\/2025\/04\/vacio-guardar-textura-habitacion-luz_1258-175.avif\" data-object-fit=\"cover\" srcset=\"https:\/\/unik-art.es\/wp-content\/uploads\/2025\/04\/vacio-guardar-textura-habitacion-luz_1258-175.avif 740w, https:\/\/unik-art.es\/wp-content\/uploads\/2025\/04\/vacio-guardar-textura-habitacion-luz_1258-175-300x200.jpg 300w\" sizes=\"auto, (max-width: 740px) 100vw, 740px\" \/><span aria-hidden=\"true\" class=\"wp-block-cover__background has-background-dim\" style=\"background-color:#e1b637\"><\/span><div class=\"wp-block-cover__inner-container is-layout-constrained wp-block-cover-is-layout-constrained\">\n<p class=\"has-text-align-center has-large-font-size\">Contacto<\/p>\n\n\n\n<div class=\"wp-block-media-text is-stacked-on-mobile\"><figure class=\"wp-block-media-text__media\"><img loading=\"lazy\" decoding=\"async\" width=\"1024\" height=\"768\" src=\"https:\/\/unik-art.es\/wp-content\/uploads\/2025\/04\/4b-1-1024x768.jpg\" alt=\"\" class=\"wp-image-872 size-full\" srcset=\"https:\/\/unik-art.es\/wp-content\/uploads\/2025\/04\/4b-1-1024x768.jpg 1024w, https:\/\/unik-art.es\/wp-content\/uploads\/2025\/04\/4b-1-300x225.jpg 300w, https:\/\/unik-art.es\/wp-content\/uploads\/2025\/04\/4b-1-768x576.jpg 768w, https:\/\/unik-art.es\/wp-content\/uploads\/2025\/04\/4b-1-1536x1152.jpg 1536w, https:\/\/unik-art.es\/wp-content\/uploads\/2025\/04\/4b-1-2048x1536.jpg 2048w\" sizes=\"auto, (max-width: 1024px) 100vw, 1024px\" \/><\/figure><div class=\"wp-block-media-text__content\">\n<p><\/p>\n\n\n\n<p>Tlf. 627 45 74 33<\/p>\n\n\n\n<p>unik.art.artisan@gmail.com<\/p>\n\n\n\n<p>Instagram: <a href=\"https:\/\/www.instagram.com\/unik.art.artisan\/\">@unik.art.artisan<\/a><\/p>\n\n\n\n<p>Tik Tok: <a href=\"https:\/\/www.tiktok.com\/@unik.art.artisan\">@unik.art.artisan<\/a><\/p>\n\n\n\n<p>Youtube: <a href=\"https:\/\/www.youtube.com\/@Unik.Art.Artisan\">https:\/\/www.youtube.com\/@Unik.Art.Artisan<\/a><\/p>\n<\/div><\/div>\n<\/div><\/div>\n","protected":false},"excerpt":{"rendered":"<p>\u00abSolo imag\u00ednalo y lo crear\u00e9 para ti\u00bb Unik Art Unik Art es un joven proyecto creado para regalar momentos \u00fanicos!! Quiero crear dulces personalizados, que no solo sean una explosi\u00f3n de sabor, tambi\u00e9n te transporten a un recuerdo, un d\u00eda inolvidable y sean bellos como&nbsp;<a class=\"read-more\" href=\"https:\/\/unik-art.es\/\">&hellip;<\/a><\/p>\n","protected":false},"author":1,"featured_media":0,"parent":0,"menu_order":0,"comment_status":"closed","ping_status":"closed","template":"","meta":{"footnotes":""},"class_list":["post-350","page","type-page","status-publish","hentry"],"_links":{"self":[{"href":"https:\/\/unik-art.es\/index.php\/wp-json\/wp\/v2\/pages\/350","targetHints":{"allow":["GET"]}}],"collection":[{"href":"https:\/\/unik-art.es\/index.php\/wp-json\/wp\/v2\/pages"}],"about":[{"href":"https:\/\/unik-art.es\/index.php\/wp-json\/wp\/v2\/types\/page"}],"author":[{"embeddable":true,"href":"https:\/\/unik-art.es\/index.php\/wp-json\/wp\/v2\/users\/1"}],"replies":[{"embeddable":true,"href":"https:\/\/unik-art.es\/index.php\/wp-json\/wp\/v2\/comments?post=350"}],"version-history":[{"count":23,"href":"https:\/\/unik-art.es\/index.php\/wp-json\/wp\/v2\/pages\/350\/revisions"}],"predecessor-version":[{"id":878,"href":"https:\/\/unik-art.es\/index.php\/wp-json\/wp\/v2\/pages\/350\/revisions\/878"}],"wp:attachment":[{"href":"https:\/\/unik-art.es\/index.php\/wp-json\/wp\/v2\/media?parent=350"}],"curies":[{"name":"wp","href":"https:\/\/api.w.org\/{rel}","templated":true}]}}